{"id":423,"date":"2024-05-02T02:09:44","date_gmt":"2024-05-02T02:09:44","guid":{"rendered":"https:\/\/thepixelcurve.com\/edubin\/tut\/courses\/"},"modified":"2026-01-29T15:13:09","modified_gmt":"2026-01-29T18:13:09","slug":"destacados","status":"publish","type":"page","link":"https:\/\/auditcoachsalud.com.ar\/academia\/destacados\/","title":{"rendered":"Destacados"},"content":{"rendered":"\t\t<div data-elementor-type=\"wp-page\" data-elementor-id=\"423\" class=\"elementor elementor-423\" data-elementor-post-type=\"page\">\n\t\t\t\t<div class=\"elementor-element elementor-element-e26df97 e-flex e-con-boxed e-con e-parent\" data-id=\"e26df97\" data-element_type=\"container\" data-e-type=\"container\">\n\t\t\t\t\t<div class=\"e-con-inner\">\n\t\t\t\t<div class=\"elementor-element elementor-element-5485fcd elementor-widget elementor-widget-edubin-tutor-course-addons\" data-id=\"5485fcd\" data-element_type=\"widget\" data-e-type=\"widget\" data-widget_type=\"edubin-tutor-course-addons.default\">\n\t\t\t\t<div class=\"elementor-widget-container\">\n\t\t\t\t\t<div class=\"edubin-course-widget-wrapper tpc-slider-wrapper tpc-slider-wrapper-dots-enable\"><div class=\"tpc-tutor-archive-courses edubin-course-archive edubin-lms-courses-slider swiper swiper-container tpc-slider-dots-enable\"><div class=\"swiper-wrapper\" data-infiniteLoop=\"true\" data-autoplay=\"true\" data-autoplaySpeed=\"0\" data-displayColumns=\"3\" data-itemGap=\"30\" data-pauseOnHover=\"true\" data-pauseOnInteraction=\"true\" data-displayColumnsTablet=\"2\" data-tabletItemGap=\"30\" data-displayColumnsMobile=\"1\" data-mobileItemGap=\"30\">            <div id=\"post-18952\" class=\"salud edubin-course-style-5 edubin-course-5-slider-item edubin-slider-item swiper-slide post-18952 courses type-courses status-publish has-post-thumbnail hentry course-category-salud\" class=\"edubin-course-style-5 edubin-course-5-slider-item edubin-slider-item swiper-slide post-18952 courses type-courses status-publish has-post-thumbnail hentry course-category-salud\" >\n            <div class=\"edubin-course layout__5 review__show col__3\"><div class=\"course__container\"><div class=\"course__media\"><div class=\"intro-video-sidebar\"><div class=\"intro-video\" style=\"background-image:url(https:\/\/auditcoachsalud.com.ar\/academia\/wp-content\/uploads\/2026\/01\/simple_93000-scaled-1-590x430.jpg)\"><a href=\"https:\/\/www.youtube.com\/watch?v=wbp_AdGkWPM\" class=\"edubin-popup-videos bla-2\"><i class=\"flaticon-play-button\"><\/i><\/a><\/div><\/div><div class=\"course__categories\"><a href=\"https:\/\/auditcoachsalud.com.ar\/academia\/course-category\/salud\/?tutor-course-filter-category=95\" rel=\"tag\">Salud<\/a><\/div><div class=\"price__2\"><span class=\"price\">\n\t\t\t\t\t<div class=\"price\">\n\t\t\t\t\t\t<span class=\"woocommerce-Price-amount amount\"><span class=\"woocommerce-Price-currencySymbol\">&#036;<\/span>&nbsp;25.000<span class=\"decimal-separator\">,00<\/span><\/span>\t\t\t\t\t<\/div>\n\t\t\t\t\t<\/span>\n<\/div><div class=\"course__content--meta layout__5\"><div class=\"author__name \"><img alt='Lic. Prof. Andrea J. Martinez' src='https:\/\/secure.gravatar.com\/avatar\/975300c20958cd04c1f09b81332caf36ac86a34eaea7ff56e682775db27da268?s=32&#038;d=mm&#038;r=g' srcset='https:\/\/secure.gravatar.com\/avatar\/975300c20958cd04c1f09b81332caf36ac86a34eaea7ff56e682775db27da268?s=64&#038;d=mm&#038;r=g 2x' class='avatar avatar-32 photo' height='32' width='32' \/>Lic. Prof. Andrea J. Martinez<\/div><\/div><\/div><div class=\"course__content\"><div class=\"course__content--info\"><div class=\"course__title--info\"><h4 class=\"course__title\"><a class=\"course__title-link\" href=\"https:\/\/auditcoachsalud.com.ar\/academia\/cursos\/curso-online-de-rcp-y-uso-correcto-del-dea\/\">Curso Online de RCP y Uso correcto del DEA<\/a><\/h4><\/div><div class=\"course-excerpt\"><p>Este curso est\u00e1 dise\u00f1ado para que cualquier persona, sin necesidad de conocimientos m\u00e9dicos previos,...<\/p>\n<\/div><\/div><\/div><\/div><\/div><\/div>            <div id=\"post-18948\" class=\"edubin-course-style-5 edubin-course-5-slider-item edubin-slider-item swiper-slide post-18948 courses type-courses status-publish has-post-thumbnail hentry\" class=\"edubin-course-style-5 edubin-course-5-slider-item edubin-slider-item swiper-slide post-18948 courses type-courses status-publish has-post-thumbnail hentry\" >\n            <div class=\"edubin-course layout__5 review__show col__3\"><div class=\"course__container\"><div class=\"course__media\"><a class=\"course-thumb\" href=\"https:\/\/auditcoachsalud.com.ar\/academia\/cursos\/salud-mental-y-manejo-de-paciente-psiquiatrico\/\"><img decoding=\"async\" class=\"w-100\" src=\"https:\/\/auditcoachsalud.com.ar\/academia\/wp-content\/uploads\/2026\/01\/simple_93000-scaled-1-590x430.jpg\" alt=\"simple_93000-scaled-1\"><\/a><div class=\"price__2\"><span class=\"price\">\n\t\t\t\t\t<div class=\"price\">\n\t\t\t\t\t\t<span class=\"woocommerce-Price-amount amount\"><span class=\"woocommerce-Price-currencySymbol\">&#036;<\/span>&nbsp;25.000<span class=\"decimal-separator\">,00<\/span><\/span>\t\t\t\t\t<\/div>\n\t\t\t\t\t<\/span>\n<\/div><div class=\"course__content--meta layout__5\"><div class=\"author__name \"><img alt='Lic. Prof. Andrea J. Martinez' src='https:\/\/secure.gravatar.com\/avatar\/975300c20958cd04c1f09b81332caf36ac86a34eaea7ff56e682775db27da268?s=32&#038;d=mm&#038;r=g' srcset='https:\/\/secure.gravatar.com\/avatar\/975300c20958cd04c1f09b81332caf36ac86a34eaea7ff56e682775db27da268?s=64&#038;d=mm&#038;r=g 2x' class='avatar avatar-32 photo' height='32' width='32' \/>Lic. Prof. Andrea J. Martinez<\/div><\/div><\/div><div class=\"course__content\"><div class=\"course__content--info\"><div class=\"course__title--info\"><h4 class=\"course__title\"><a class=\"course__title-link\" href=\"https:\/\/auditcoachsalud.com.ar\/academia\/cursos\/salud-mental-y-manejo-de-paciente-psiquiatrico\/\">Salud Mental y Manejo de Paciente Psiqui\u00e1trico<\/a><\/h4><\/div><div class=\"course-excerpt\"><p>Formaci\u00f3n integral para la gesti\u00f3n de crisis en entornos cl\u00ednicos y del hogar.En este...<\/p>\n<\/div><\/div><\/div><\/div><\/div><\/div>            <div id=\"post-18949\" class=\"edubin-course-style-5 edubin-course-5-slider-item edubin-slider-item swiper-slide post-18949 courses type-courses status-publish has-post-thumbnail hentry\" class=\"edubin-course-style-5 edubin-course-5-slider-item edubin-slider-item swiper-slide post-18949 courses type-courses status-publish has-post-thumbnail hentry\" >\n            <div class=\"edubin-course layout__5 review__show col__3\"><div class=\"course__container\"><div class=\"course__media\"><a class=\"course-thumb\" href=\"https:\/\/auditcoachsalud.com.ar\/academia\/cursos\/manejo-del-estres-y-burnout\/\"><img decoding=\"async\" class=\"w-100\" src=\"https:\/\/auditcoachsalud.com.ar\/academia\/wp-content\/uploads\/2026\/01\/simple_93000-scaled-1-590x430.jpg\" alt=\"simple_93000-scaled-1\"><\/a><div class=\"price__2\"><span class=\"price\">\n\t\t\t\t\t<div class=\"price\">\n\t\t\t\t\t\t<span class=\"woocommerce-Price-amount amount\"><span class=\"woocommerce-Price-currencySymbol\">&#036;<\/span>&nbsp;25.000<span class=\"decimal-separator\">,00<\/span><\/span>\t\t\t\t\t<\/div>\n\t\t\t\t\t<\/span>\n<\/div><div class=\"course__content--meta layout__5\"><div class=\"author__name \"><img alt='Lic. Prof. Andrea J. Martinez' src='https:\/\/secure.gravatar.com\/avatar\/975300c20958cd04c1f09b81332caf36ac86a34eaea7ff56e682775db27da268?s=32&#038;d=mm&#038;r=g' srcset='https:\/\/secure.gravatar.com\/avatar\/975300c20958cd04c1f09b81332caf36ac86a34eaea7ff56e682775db27da268?s=64&#038;d=mm&#038;r=g 2x' class='avatar avatar-32 photo' height='32' width='32' \/>Lic. Prof. Andrea J. Martinez<\/div><\/div><\/div><div class=\"course__content\"><div class=\"course__content--info\"><div class=\"course__title--info\"><h4 class=\"course__title\"><a class=\"course__title-link\" href=\"https:\/\/auditcoachsalud.com.ar\/academia\/cursos\/manejo-del-estres-y-burnout\/\">Manejo del Estr\u00e9s y Burnout<\/a><\/h4><\/div><div class=\"course-excerpt\"><\/div><\/div><\/div><\/div><\/div><\/div>            <div id=\"post-18950\" class=\"edubin-course-style-5 edubin-course-5-slider-item edubin-slider-item swiper-slide post-18950 courses type-courses status-publish has-post-thumbnail hentry\" class=\"edubin-course-style-5 edubin-course-5-slider-item edubin-slider-item swiper-slide post-18950 courses type-courses status-publish has-post-thumbnail hentry\" >\n            <div class=\"edubin-course layout__5 review__show col__3\"><div class=\"course__container\"><div class=\"course__media\"><a class=\"course-thumb\" href=\"https:\/\/auditcoachsalud.com.ar\/academia\/cursos\/introduccion-a-el-manejo-de-bombas-de-infusion\/\"><img decoding=\"async\" class=\"w-100\" src=\"https:\/\/auditcoachsalud.com.ar\/academia\/wp-content\/uploads\/2026\/01\/simple_93000-scaled-1-590x430.jpg\" alt=\"simple_93000-scaled-1\"><\/a><div class=\"price__2\"><span class=\"price\">\n\t\t\t\t\t<div class=\"price\">\n\t\t\t\t\t\t<span class=\"woocommerce-Price-amount amount\"><span class=\"woocommerce-Price-currencySymbol\">&#036;<\/span>&nbsp;25.000<span class=\"decimal-separator\">,00<\/span><\/span>\t\t\t\t\t<\/div>\n\t\t\t\t\t<\/span>\n<\/div><div class=\"course__content--meta layout__5\"><div class=\"author__name \"><img alt='Lic. Prof. Andrea J. Martinez' src='https:\/\/secure.gravatar.com\/avatar\/975300c20958cd04c1f09b81332caf36ac86a34eaea7ff56e682775db27da268?s=32&#038;d=mm&#038;r=g' srcset='https:\/\/secure.gravatar.com\/avatar\/975300c20958cd04c1f09b81332caf36ac86a34eaea7ff56e682775db27da268?s=64&#038;d=mm&#038;r=g 2x' class='avatar avatar-32 photo' height='32' width='32' \/>Lic. Prof. Andrea J. Martinez<\/div><\/div><\/div><div class=\"course__content\"><div class=\"course__content--info\"><div class=\"course__title--info\"><h4 class=\"course__title\"><a class=\"course__title-link\" href=\"https:\/\/auditcoachsalud.com.ar\/academia\/cursos\/introduccion-a-el-manejo-de-bombas-de-infusion\/\">Introduccion a el manejo de bombas de infusion<\/a><\/h4><\/div><div class=\"course-excerpt\"><\/div><\/div><\/div><\/div><\/div><\/div><\/div><div class=\"slider-course-pegination swiper-pagination\"><\/div><\/div><\/div>\t\t\t\t<\/div>\n\t\t\t\t<\/div>\n\t\t\t\t\t<\/div>\n\t\t\t\t<\/div>\n\t\t\t\t<\/div>\n\t\t","protected":false},"excerpt":{"rendered":"<p>&#036;&nbsp;25.000,00 Lic. Prof. Andrea J. Martinez (0\/0) Uso de Tecnolog\u00eda en Enfermer\u00eda &#036;&nbsp;25.000,00 Lic. Prof. Andrea J. Martinez (0\/0) T\u00e9cnicas Avanzadas para el Tratamiento y Cuidado de Heridas Complejas &#036;&nbsp;25.000,00 Lic. Prof. Andrea J. Martinez (0\/0) Salud Mental y Manejo de Paciente Psiqui\u00e1trico &#036;&nbsp;25.000,00 Lic. Prof. Andrea J. Martinez (0\/0) Manejo del Estr\u00e9s y Burnout&#8230;<\/p>\n","protected":false},"author":2,"featured_media":0,"parent":0,"menu_order":0,"comment_status":"closed","ping_status":"closed","template":"elementor_canvas","meta":{"footnotes":""},"class_list":["post-423","page","type-page","status-publish","hentry"],"_links":{"self":[{"href":"https:\/\/auditcoachsalud.com.ar\/academia\/wp-json\/wp\/v2\/pages\/423","targetHints":{"allow":["GET"]}}],"collection":[{"href":"https:\/\/auditcoachsalud.com.ar\/academia\/wp-json\/wp\/v2\/pages"}],"about":[{"href":"https:\/\/auditcoachsalud.com.ar\/academia\/wp-json\/wp\/v2\/types\/page"}],"author":[{"embeddable":true,"href":"https:\/\/auditcoachsalud.com.ar\/academia\/wp-json\/wp\/v2\/users\/2"}],"replies":[{"embeddable":true,"href":"https:\/\/auditcoachsalud.com.ar\/academia\/wp-json\/wp\/v2\/comments?post=423"}],"version-history":[{"count":62,"href":"https:\/\/auditcoachsalud.com.ar\/academia\/wp-json\/wp\/v2\/pages\/423\/revisions"}],"predecessor-version":[{"id":19574,"href":"https:\/\/auditcoachsalud.com.ar\/academia\/wp-json\/wp\/v2\/pages\/423\/revisions\/19574"}],"wp:attachment":[{"href":"https:\/\/auditcoachsalud.com.ar\/academia\/wp-json\/wp\/v2\/media?parent=423"}],"curies":[{"name":"wp","href":"https:\/\/api.w.org\/{rel}","templated":true}]}}