{"id":19374,"date":"2026-01-11T12:34:55","date_gmt":"2026-01-11T15:34:55","guid":{"rendered":"https:\/\/auditcoachsalud.com.ar\/academia\/?page_id=19374"},"modified":"2026-04-15T14:30:02","modified_gmt":"2026-04-15T17:30:02","slug":"capacitaciones","status":"publish","type":"page","link":"https:\/\/auditcoachsalud.com.ar\/academia\/","title":{"rendered":"Capacitaciones"},"content":{"rendered":"\t\t<div data-elementor-type=\"wp-page\" data-elementor-id=\"19374\" class=\"elementor elementor-19374\" data-elementor-post-type=\"page\">\n\t\t\t\t<div class=\"elementor-element elementor-element-8e6ac0d e-flex e-con-boxed e-con e-parent\" data-id=\"8e6ac0d\" data-element_type=\"container\" data-e-type=\"container\">\n\t\t\t\t\t<div class=\"e-con-inner\">\n\t\t\t\t<div class=\"elementor-element elementor-element-20c0479 elementor-widget elementor-widget-edubin-tutor-course-addons\" data-id=\"20c0479\" data-element_type=\"widget\" data-e-type=\"widget\" data-widget_type=\"edubin-tutor-course-addons.default\">\n\t\t\t\t<div class=\"elementor-widget-container\">\n\t\t\t\t\t<div class=\"edubin-course-widget-wrapper edubin-filter-type-cat-filter\" id=\"edubin-filterable-course-id-20c0479\"><div class=\"edubin-course-filter-wrapper\"><div class=\"edubin-filter-course edubin-category-controls-yes\"><span data-filter=\"*\" class=\"filter-item current\">All<\/span><span class=\"filter-item\" data-filter=\".cuidados\">Cuidados<\/span><span class=\"filter-item\" data-filter=\".salud\">Salud<\/span><\/div><\/div><div class=\"edubin-course-filter-type-cat-filter tpc-tutor-archive-courses edubin-course-archive edubin-lms-courses-grid edubin-row\" id=\"filters-20c0479\">            <div id=\"post-18950\" class=\"edubin-course-style-1 edubin-course-1-grid-item edubin-col-lg-3 edubin-col-md-4 edubin-col-sm-12 post-18950 courses type-courses status-publish has-post-thumbnail hentry\" class=\"edubin-course-style-1 edubin-course-1-grid-item edubin-col-lg-3 edubin-col-md-4 edubin-col-sm-12 post-18950 courses type-courses status-publish has-post-thumbnail hentry\"  data-sal>\n            <div class=\"edubin-course layout__1\"><div class=\"course__container\"><div class=\"course__media\"><a class=\"course-thumb\" href=\"https:\/\/auditcoachsalud.com.ar\/academia\/cursos\/introduccion-a-el-manejo-de-bombas-de-infusion\/\"><img decoding=\"async\" class=\"w-100\" src=\"https:\/\/auditcoachsalud.com.ar\/academia\/wp-content\/uploads\/2026\/01\/simple_93000-scaled-1-590x430.jpg\" alt=\"simple_93000-scaled-1\"><\/a><div class=\"course__meta-top\"><a href=\"javascript:;\"  class=\"tutor-open-login-modal save-bookmark-btn tutor-iconic-btn tutor-iconic-btn-secondary\" data-course-id=\"18950\">\n            <i class=\"tutor-icon-bookmark-line\"><\/i>\n        <\/a><\/div><\/div><div class=\"course__content\"><div class=\"course__content--info\"><div class=\"course__title--info\"><h4 class=\"course__title\"><a class=\"course__title-link\" href=\"https:\/\/auditcoachsalud.com.ar\/academia\/cursos\/introduccion-a-el-manejo-de-bombas-de-infusion\/\">Introduccion a el manejo de bombas de infusion<\/a><\/h4><\/div><div class=\"course-excerpt course-excerpt-grid\"><\/div><div class=\"course__meta-left\"><div class=\"author__name  tpc_mt_15\"><img alt='Lic. Prof. Andrea J. Martinez' src='https:\/\/secure.gravatar.com\/avatar\/975300c20958cd04c1f09b81332caf36ac86a34eaea7ff56e682775db27da268?s=32&#038;d=mm&#038;r=g' srcset='https:\/\/secure.gravatar.com\/avatar\/975300c20958cd04c1f09b81332caf36ac86a34eaea7ff56e682775db27da268?s=64&#038;d=mm&#038;r=g 2x' class='avatar avatar-32 photo' height='32' width='32' \/>Lic. Prof. Andrea J. Martinez<\/div><\/div><\/div><div class=\"course__border\"><\/div><div class=\"course__content--meta\"><div class=\"course__met\u00df-left\"><span class=\"course-lessons\"><i class=\"flaticon-book\"><\/i><span class=\"value\">0 Lecciones<\/span><\/span><\/div><div class=\"course__meta-right\"><div class=\"price__1\"><span class=\"price\">\n\t\t\t\t\t<div class=\"price\">\n\t\t\t\t\t\t<span class=\"woocommerce-Price-amount amount\"><span class=\"woocommerce-Price-currencySymbol\">&#036;<\/span>&nbsp;25.000<span class=\"decimal-separator\">,00<\/span><\/span>\t\t\t\t\t<\/div>\n\t\t\t\t\t<\/span>\n<\/div><\/div><\/div><\/div><\/div><\/div><\/div>            <div id=\"post-18949\" class=\"edubin-course-style-1 edubin-course-1-grid-item edubin-col-lg-3 edubin-col-md-4 edubin-col-sm-12 post-18949 courses type-courses status-publish has-post-thumbnail hentry\" class=\"edubin-course-style-1 edubin-course-1-grid-item edubin-col-lg-3 edubin-col-md-4 edubin-col-sm-12 post-18949 courses type-courses status-publish has-post-thumbnail hentry\"  data-sal>\n            <div class=\"edubin-course layout__1\"><div class=\"course__container\"><div class=\"course__media\"><a class=\"course-thumb\" href=\"https:\/\/auditcoachsalud.com.ar\/academia\/cursos\/manejo-del-estres-y-burnout\/\"><img decoding=\"async\" class=\"w-100\" src=\"https:\/\/auditcoachsalud.com.ar\/academia\/wp-content\/uploads\/2026\/01\/simple_93000-scaled-1-590x430.jpg\" alt=\"simple_93000-scaled-1\"><\/a><div class=\"course__meta-top\"><a href=\"javascript:;\"  class=\"tutor-open-login-modal save-bookmark-btn tutor-iconic-btn tutor-iconic-btn-secondary\" data-course-id=\"18949\">\n            <i class=\"tutor-icon-bookmark-line\"><\/i>\n        <\/a><\/div><\/div><div class=\"course__content\"><div class=\"course__content--info\"><div class=\"course__title--info\"><h4 class=\"course__title\"><a class=\"course__title-link\" href=\"https:\/\/auditcoachsalud.com.ar\/academia\/cursos\/manejo-del-estres-y-burnout\/\">Manejo del Estr\u00e9s y Burnout<\/a><\/h4><\/div><div class=\"course-excerpt course-excerpt-grid\"><\/div><div class=\"course__meta-left\"><div class=\"author__name  tpc_mt_15\"><img alt='Lic. Prof. Andrea J. Martinez' src='https:\/\/secure.gravatar.com\/avatar\/975300c20958cd04c1f09b81332caf36ac86a34eaea7ff56e682775db27da268?s=32&#038;d=mm&#038;r=g' srcset='https:\/\/secure.gravatar.com\/avatar\/975300c20958cd04c1f09b81332caf36ac86a34eaea7ff56e682775db27da268?s=64&#038;d=mm&#038;r=g 2x' class='avatar avatar-32 photo' height='32' width='32' \/>Lic. Prof. Andrea J. Martinez<\/div><\/div><\/div><div class=\"course__border\"><\/div><div class=\"course__content--meta\"><div class=\"course__met\u00df-left\"><span class=\"course-lessons\"><i class=\"flaticon-book\"><\/i><span class=\"value\">0 Lecciones<\/span><\/span><\/div><div class=\"course__meta-right\"><div class=\"price__1\"><span class=\"price\">\n\t\t\t\t\t<div class=\"price\">\n\t\t\t\t\t\t<span class=\"woocommerce-Price-amount amount\"><span class=\"woocommerce-Price-currencySymbol\">&#036;<\/span>&nbsp;25.000<span class=\"decimal-separator\">,00<\/span><\/span>\t\t\t\t\t<\/div>\n\t\t\t\t\t<\/span>\n<\/div><\/div><\/div><\/div><\/div><\/div><\/div>            <div id=\"post-18948\" class=\"edubin-course-style-1 edubin-course-1-grid-item edubin-col-lg-3 edubin-col-md-4 edubin-col-sm-12 post-18948 courses type-courses status-publish has-post-thumbnail hentry\" class=\"edubin-course-style-1 edubin-course-1-grid-item edubin-col-lg-3 edubin-col-md-4 edubin-col-sm-12 post-18948 courses type-courses status-publish has-post-thumbnail hentry\"  data-sal>\n            <div class=\"edubin-course layout__1\"><div class=\"course__container\"><div class=\"course__media\"><a class=\"course-thumb\" href=\"https:\/\/auditcoachsalud.com.ar\/academia\/cursos\/salud-mental-y-manejo-de-paciente-psiquiatrico\/\"><img decoding=\"async\" class=\"w-100\" src=\"https:\/\/auditcoachsalud.com.ar\/academia\/wp-content\/uploads\/2026\/01\/simple_93000-scaled-1-590x430.jpg\" alt=\"simple_93000-scaled-1\"><\/a><div class=\"course__meta-top\"><a href=\"javascript:;\"  class=\"tutor-open-login-modal save-bookmark-btn tutor-iconic-btn tutor-iconic-btn-secondary\" data-course-id=\"18948\">\n            <i class=\"tutor-icon-bookmark-line\"><\/i>\n        <\/a><\/div><\/div><div class=\"course__content\"><div class=\"course__content--info\"><div class=\"course__title--info\"><h4 class=\"course__title\"><a class=\"course__title-link\" href=\"https:\/\/auditcoachsalud.com.ar\/academia\/cursos\/salud-mental-y-manejo-de-paciente-psiquiatrico\/\">Salud Mental y Manejo de Paciente Psiqui\u00e1trico<\/a><\/h4><\/div><div class=\"course-excerpt course-excerpt-grid\"><p>Formaci\u00f3n integral para la gesti\u00f3n de crisis en entornos cl\u00ednicos y del hogar.En este...<\/p>\n<\/div><div class=\"course__meta-left\"><div class=\"author__name  tpc_mt_15\"><img alt='Lic. Prof. Andrea J. Martinez' src='https:\/\/secure.gravatar.com\/avatar\/975300c20958cd04c1f09b81332caf36ac86a34eaea7ff56e682775db27da268?s=32&#038;d=mm&#038;r=g' srcset='https:\/\/secure.gravatar.com\/avatar\/975300c20958cd04c1f09b81332caf36ac86a34eaea7ff56e682775db27da268?s=64&#038;d=mm&#038;r=g 2x' class='avatar avatar-32 photo' height='32' width='32' \/>Lic. Prof. Andrea J. Martinez<\/div><\/div><\/div><div class=\"course__border\"><\/div><div class=\"course__content--meta\"><div class=\"course__met\u00df-left\"><span class=\"course-lessons\"><i class=\"flaticon-book\"><\/i><span class=\"value\">0 Lecciones<\/span><\/span><\/div><div class=\"course__meta-right\"><div class=\"price__1\"><span class=\"price\">\n\t\t\t\t\t<div class=\"price\">\n\t\t\t\t\t\t<span class=\"woocommerce-Price-amount amount\"><span class=\"woocommerce-Price-currencySymbol\">&#036;<\/span>&nbsp;25.000<span class=\"decimal-separator\">,00<\/span><\/span>\t\t\t\t\t<\/div>\n\t\t\t\t\t<\/span>\n<\/div><\/div><\/div><\/div><\/div><\/div><\/div>            <div id=\"post-18952\" class=\"salud edubin-course-style-1 edubin-course-1-grid-item edubin-col-lg-3 edubin-col-md-4 edubin-col-sm-12 post-18952 courses type-courses status-publish has-post-thumbnail hentry course-category-salud\" class=\"edubin-course-style-1 edubin-course-1-grid-item edubin-col-lg-3 edubin-col-md-4 edubin-col-sm-12 post-18952 courses type-courses status-publish has-post-thumbnail hentry course-category-salud\"  data-sal>\n            <div class=\"edubin-course layout__1\"><div class=\"course__container\"><div class=\"course__media\"><div class=\"intro-video-sidebar\"><div class=\"intro-video\" style=\"background-image:url(https:\/\/auditcoachsalud.com.ar\/academia\/wp-content\/uploads\/2026\/01\/simple_93000-scaled-1-590x430.jpg)\"><a href=\"https:\/\/www.youtube.com\/watch?v=wbp_AdGkWPM\" class=\"edubin-popup-videos bla-2\"><i class=\"flaticon-play-button\"><\/i><\/a><\/div><\/div><div class=\"course__meta-top\"><div class=\"course__categories\"><a href=\"https:\/\/auditcoachsalud.com.ar\/academia\/course-category\/salud\/?tutor-course-filter-category=95\" rel=\"tag\">Salud<\/a><\/div><a href=\"javascript:;\"  class=\"tutor-open-login-modal save-bookmark-btn tutor-iconic-btn tutor-iconic-btn-secondary\" data-course-id=\"18952\">\n            <i class=\"tutor-icon-bookmark-line\"><\/i>\n        <\/a><\/div><\/div><div class=\"course__content\"><div class=\"course__content--info\"><div class=\"course__title--info\"><h4 class=\"course__title\"><a class=\"course__title-link\" href=\"https:\/\/auditcoachsalud.com.ar\/academia\/cursos\/curso-online-de-rcp-y-uso-correcto-del-dea\/\">Curso Online de RCP y Uso correcto del DEA<\/a><\/h4><\/div><div class=\"course-excerpt course-excerpt-grid\"><p>Este curso est\u00e1 dise\u00f1ado para que cualquier persona, sin necesidad de conocimientos m\u00e9dicos previos,...<\/p>\n<\/div><div class=\"course__meta-left\"><div class=\"author__name  tpc_mt_15\"><img alt='Lic. Prof. Andrea J. Martinez' src='https:\/\/secure.gravatar.com\/avatar\/975300c20958cd04c1f09b81332caf36ac86a34eaea7ff56e682775db27da268?s=32&#038;d=mm&#038;r=g' srcset='https:\/\/secure.gravatar.com\/avatar\/975300c20958cd04c1f09b81332caf36ac86a34eaea7ff56e682775db27da268?s=64&#038;d=mm&#038;r=g 2x' class='avatar avatar-32 photo' height='32' width='32' \/>Lic. Prof. Andrea J. Martinez<\/div><\/div><\/div><div class=\"course__border\"><\/div><div class=\"course__content--meta\"><div class=\"course__met\u00df-left\"><span class=\"course-lessons\"><i class=\"flaticon-book\"><\/i><span class=\"value\">1 Lecci\u00f3n<\/span><\/span><\/div><div class=\"course__meta-right\"><div class=\"price__1\"><span class=\"price\">\n\t\t\t\t\t<div class=\"price\">\n\t\t\t\t\t\t<span class=\"woocommerce-Price-amount amount\"><span class=\"woocommerce-Price-currencySymbol\">&#036;<\/span>&nbsp;25.000<span class=\"decimal-separator\">,00<\/span><\/span>\t\t\t\t\t<\/div>\n\t\t\t\t\t<\/span>\n<\/div><\/div><\/div><\/div><\/div><\/div><\/div><\/div><\/div><div class=\"tutor-modal tutor-login-modal\" role=\"dialog\" aria-modal=\"true\" aria-labelledby=\"tutor-login-modal-title\" aria-hidden=\"true\">\n\t<div class=\"tutor-modal-overlay\"><\/div>\n\t<div class=\"tutor-modal-window tutor-modal-window-sm\">\n\t\t<div class=\"tutor-modal-content tutor-modal-content-white\">\n\t\t\t<button class=\"tutor-iconic-btn tutor-modal-close-o\" data-tutor-modal-close aria-label=\"Close login dialog\">\n\t\t\t\t<span class=\"tutor-icon-times\" aria-hidden=\"true\"><\/span>\n\t\t\t<\/button>\n\n\t\t\t<div class=\"tutor-modal-body\">\n\t\t\t\t<div class=\"tutor-py-48\">\n\t\t\t\t\t\t\t\t\t\t<div id=\"tutor-login-modal-title\" class=\"tutor-fs-4 tutor-fw-medium tutor-color-black tutor-mb-32\">\u00a1Hola, bienvenido de nuevo!<\/div>\n\t\t\t\t\t<form id=\"tutor-login-form\" method=\"post\">\n\t\t<input type=\"hidden\" id=\"_tutor_nonce\" name=\"_tutor_nonce\" value=\"b80a4dd5cb\" \/><input type=\"hidden\" name=\"_wp_http_referer\" value=\"\/academia\/wp-json\/wp\/v2\/pages\/19374\" \/>\t<input type=\"hidden\" name=\"tutor_action\" value=\"tutor_user_login\" \/>\n\t<input type=\"hidden\" name=\"redirect_to\" value=\"https:\/\/auditcoachsalud.com.ar\/academia\/wp-json\/wp\/v2\/pages\/19374\" \/>\n\n\t<div class=\"tutor-mb-20\">\n\t\t<input type=\"text\" class=\"tutor-form-control\" placeholder=\"Nombre de usuario o correo electr\u00f3nico\" name=\"log\" value=\"\" size=\"20\" required\/>\n\t<\/div>\n\n\t<div class=\"tutor-mb-32\">\n\t\t<input type=\"password\" class=\"tutor-form-control\" placeholder=\"Contrase\u00f1a\" name=\"pwd\" value=\"\" size=\"20\" required\/>\n\t<\/div>\n\n\t<div class=\"tutor-login-error\" role=\"alert\" aria-live=\"polite\"><\/div>\n\t\t\t<input type=\"hidden\" name=\"timezone\" value=\"-03:00\" \/>\n\t\t<script>\n\t\t\tdocument.addEventListener('DOMContentLoaded', function() {\n\t\t\t\tconst timezone = document.querySelector('input[name=\"timezone\"]');\n\t\t\t\tif ( timezone) {\n\t\t\t\t\tconst tz = Intl.DateTimeFormat().resolvedOptions().timeZone;\n\t\t\t\t\ttimezone.value = tz\n\t\t\t\t}\n\t\t\t});\n\t\t<\/script>\n\t\t\t<div class=\"tutor-d-flex tutor-justify-between tutor-align-center tutor-mb-40\">\n\t\t<div class=\"tutor-form-check\">\n\t\t\t<input id=\"tutor-login-agmnt-1\" type=\"checkbox\" class=\"tutor-form-check-input tutor-bg-black-40\" name=\"rememberme\" value=\"forever\" \/>\n\t\t\t<label for=\"tutor-login-agmnt-1\" class=\"tutor-fs-7 tutor-color-muted\">\n\t\t\t\tMantenerme conectado\t\t\t<\/label>\n\t\t<\/div>\n\t\t<a href=\"https:\/\/auditcoachsalud.com.ar\/academia\/escritorio\/retrieve-password\" class=\"tutor-btn tutor-btn-ghost\">\n\t\t\t\u00bfOlvidaste la contrase\u00f1a?\t\t<\/a>\n\t<\/div>\n\n\t\t<button type=\"submit\" class=\"tutor-btn tutor-btn-primary tutor-btn-block\">\n\t\tAcceder\t<\/button>\n\n\t\t\t\t\t<div class=\"tutor-text-center tutor-fs-6 tutor-color-secondary tutor-mt-20\">\n\t\t\t\u00bfNo tienes una cuenta?&nbsp;\n\t\t\t<a href=\"https:\/\/auditcoachsalud.com.ar\/academia\/pagina-de-registro-de-estudiante\/?redirect_to=https:\/\/auditcoachsalud.com.ar\/academia\/wp-json\/wp\/v2\/pages\/19374\" class=\"tutor-btn tutor-btn-link\">\n\t\t\t\tReg\u00edstrate ahora\t\t\t<\/a>\n\t\t<\/div>\n\t\t<\/form>\n<script>\n\tdocument.addEventListener('DOMContentLoaded', function() {\n\t\tvar loginModal = document.querySelector('.tutor-modal.tutor-login-modal');\n\t\tvar errors = [];\n\t\tif (loginModal && errors.length) {\n\t\t\tloginModal.classList.add('tutor-is-active');\n\t\t}\n\t});\n<\/script>\n\n\t\t\t\t\t\t\t\t\t<\/div>\n\t\t\t\t\t\t<style>\n\t\t\t#tutor-pro-twitter-login {\n\t\t\t\twidth: 400px; background-color: #00acee; border-color: #00acee; font-weight: bold;\n\t\t\t}\n\t\t<\/style>\n\t\t<div id=\"tutor-pro-social-authentication\" class=\"tutor-pt-24 tutor-d-flex tutor-flex-column tutor-align-center tutor-border-top-light\" style=\"gap: 10px;\">\n\t\t\t\t\t<\/div>\n\t\t\t\t\t<\/div>\n\t\t<\/div>\n\t<\/div>\n<\/div>\n\t\t\t\t<\/div>\n\t\t\t\t<\/div>\n\t\t\t\t\t<\/div>\n\t\t\t\t<\/div>\n\t\t\t\t<\/div>\n\t\t","protected":false},"excerpt":{"rendered":"<p>AllCuidadosEnfermeriaSalud EnfermeriaSalud Actualizaci\u00f3n en Cuidados Cr\u00edticos Lic. Prof. Andrea J. Martinez0 Lecciones &#036;&nbsp;130.000,00 CuidadosSalud Atenci\u00f3n al Paciente con Enfermedades Cr\u00f3nicas Lic. Prof. Andrea J. Martinez0 Lecciones &#036;&nbsp;25.000,00 Capacitaci\u00f3n en Soporte Vital Avanzado Lic. Prof. Andrea J. Martinez0 Lecciones &#036;&nbsp;25.000,00 Capacitaci\u00f3n en T\u00e9cnicas de Movilizaci\u00f3n de Pacientes Lic. Prof. Andrea J. Martinez0 Lecciones &#036;&nbsp;25.000,00 Comunicaci\u00f3n Efectiva&#8230;<\/p>\n","protected":false},"author":2,"featured_media":0,"parent":0,"menu_order":0,"comment_status":"closed","ping_status":"closed","template":"","meta":{"footnotes":""},"class_list":["post-19374","page","type-page","status-publish","hentry"],"_links":{"self":[{"href":"https:\/\/auditcoachsalud.com.ar\/academia\/wp-json\/wp\/v2\/pages\/19374","targetHints":{"allow":["GET"]}}],"collection":[{"href":"https:\/\/auditcoachsalud.com.ar\/academia\/wp-json\/wp\/v2\/pages"}],"about":[{"href":"https:\/\/auditcoachsalud.com.ar\/academia\/wp-json\/wp\/v2\/types\/page"}],"author":[{"embeddable":true,"href":"https:\/\/auditcoachsalud.com.ar\/academia\/wp-json\/wp\/v2\/users\/2"}],"replies":[{"embeddable":true,"href":"https:\/\/auditcoachsalud.com.ar\/academia\/wp-json\/wp\/v2\/comments?post=19374"}],"version-history":[{"count":100,"href":"https:\/\/auditcoachsalud.com.ar\/academia\/wp-json\/wp\/v2\/pages\/19374\/revisions"}],"predecessor-version":[{"id":19708,"href":"https:\/\/auditcoachsalud.com.ar\/academia\/wp-json\/wp\/v2\/pages\/19374\/revisions\/19708"}],"wp:attachment":[{"href":"https:\/\/auditcoachsalud.com.ar\/academia\/wp-json\/wp\/v2\/media?parent=19374"}],"curies":[{"name":"wp","href":"https:\/\/api.w.org\/{rel}","templated":true}]}}